{"id":100,"date":"2025-07-24T03:45:37","date_gmt":"2025-07-24T01:45:37","guid":{"rendered":"https:\/\/new.manuservices.net\/?page_id=100"},"modified":"2025-11-04T09:49:33","modified_gmt":"2025-11-04T08:49:33","slug":"nos-services","status":"publish","type":"page","link":"https:\/\/new.manuservices.net\/?page_id=100","title":{"rendered":"Domaines d&rsquo;intervention"},"content":{"rendered":"\t\t<div data-elementor-type=\"wp-page\" data-elementor-id=\"100\" class=\"elementor elementor-100\" data-elementor-post-type=\"page\">\n\t\t\t\t<div class=\"elementor-element elementor-element-53e1e78 e-flex e-con-boxed e-con e-parent\" data-id=\"53e1e78\" data-element_type=\"container\" data-settings=\"{&quot;background_background&quot;:&quot;classic&quot;}\">\n\t\t\t\t\t<div class=\"e-con-inner\">\n\t\t\t\t<div class=\"elementor-element elementor-element-82fbcf5 animated-slow elementor-invisible elementor-widget elementor-widget-heading\" data-id=\"82fbcf5\" data-element_type=\"widget\" data-settings=\"{&quot;_animation&quot;:&quot;slideInUp&quot;}\" data-widget_type=\"heading.default\">\n\t\t\t\t<div class=\"elementor-widget-container\">\n\t\t\t\t\t<h2 class=\"elementor-heading-title elementor-size-default\">Nos domaines d\u2019intervention<\/h2>\t\t\t\t<\/div>\n\t\t\t\t<\/div>\n\t\t\t\t<div class=\"elementor-element elementor-element-71c38f4 animated-slow elementor-widget__width-initial elementor-invisible elementor-widget elementor-widget-heading\" data-id=\"71c38f4\" data-element_type=\"widget\" data-settings=\"{&quot;_animation&quot;:&quot;slideInUp&quot;}\" data-widget_type=\"heading.default\">\n\t\t\t\t<div class=\"elementor-widget-container\">\n\t\t\t\t\t<h2 class=\"elementor-heading-title elementor-size-default\">Une expertise terrain au service des industries d\u2019Afrique de l\u2019Ouest.<\/h2>\t\t\t\t<\/div>\n\t\t\t\t<\/div>\n\t\t\t\t<div class=\"elementor-element elementor-element-507a31d elementor-widget__width-initial elementor-widget elementor-widget-text-editor\" data-id=\"507a31d\" data-element_type=\"widget\" data-widget_type=\"text-editor.default\">\n\t\t\t\t<div class=\"elementor-widget-container\">\n\t\t\t\t\t\t\t\t\t<p data-start=\"450\" data-end=\"746\">Gr\u00e2ce \u00e0 son <strong data-start=\"658\" data-end=\"689\">double ADN RH et industriel<\/strong>, <strong data-start=\"691\" data-end=\"711\">Manu-Services SA<\/strong> intervient dans les principaux secteurs de production, d\u2019\u00e9nergie et de services au S\u00e9n\u00e9gal et en Afrique de l\u2019Ouest.<br data-start=\"828\" data-end=\"831\" \/>Nos \u00e9quipes qualifi\u00e9es accompagnent vos op\u00e9rations avec rigueur, s\u00e9curit\u00e9 et performance, quel que soit votre environnement d\u2019activit\u00e9.<\/p>\t\t\t\t\t\t\t\t<\/div>\n\t\t\t\t<\/div>\n\t\t\t\t\t<\/div>\n\t\t\t\t<\/div>\n\t\t<div class=\"elementor-element elementor-element-1c5a8667 e-flex e-con-boxed e-con e-parent\" data-id=\"1c5a8667\" data-element_type=\"container\" data-settings=\"{&quot;background_background&quot;:&quot;classic&quot;}\">\n\t\t\t\t\t<div class=\"e-con-inner\">\n\t\t<div class=\"elementor-element elementor-element-2f279a96 e-con-full e-flex e-con e-child\" data-id=\"2f279a96\" data-element_type=\"container\">\n\t\t<div class=\"elementor-element elementor-element-46cfa295 e-con-full e-flex e-con e-child\" data-id=\"46cfa295\" data-element_type=\"container\" data-settings=\"{&quot;background_background&quot;:&quot;classic&quot;}\">\n\t\t\t\t<div class=\"elementor-element elementor-element-06bb381 elementor-widget__width-initial elementor-widget elementor-widget-heading\" data-id=\"06bb381\" data-element_type=\"widget\" data-widget_type=\"heading.default\">\n\t\t\t\t<div class=\"elementor-widget-container\">\n\t\t\t\t\t<h2 class=\"elementor-heading-title elementor-size-default\">Industrie &amp; Manufacturing<\/h2>\t\t\t\t<\/div>\n\t\t\t\t<\/div>\n\t\t\t\t<div class=\"elementor-element elementor-element-2e8e682 elementor-widget elementor-widget-text-editor\" data-id=\"2e8e682\" data-element_type=\"widget\" data-widget_type=\"text-editor.default\">\n\t\t\t\t<div class=\"elementor-widget-container\">\n\t\t\t\t\t\t\t\t\t<p data-start=\"1053\" data-end=\"1279\">Nous mettons \u00e0 disposition du personnel qualifi\u00e9 pour la <strong data-start=\"1389\" data-end=\"1442\">maintenance, la production et le contr\u00f4le qualit\u00e9<\/strong>.<br data-start=\"1443\" data-end=\"1446\" \/>Nos techniciens, op\u00e9rateurs et superviseurs accompagnent vos \u00e9quipes dans la maintenance pr\u00e9ventive, la supervision de ligne et la gestion des processus industriels.<\/p>\t\t\t\t\t\t\t\t<\/div>\n\t\t\t\t<\/div>\n\t\t\t\t<div class=\"elementor-element elementor-element-64c5ec3 elementor-widget elementor-widget-text-editor\" data-id=\"64c5ec3\" data-element_type=\"widget\" data-widget_type=\"text-editor.default\">\n\t\t\t\t<div class=\"elementor-widget-container\">\n\t\t\t\t\t\t\t\t\t<p data-start=\"1617\" data-end=\"1644\"><strong data-start=\"1617\" data-end=\"1642\">Exemples de profils :<\/strong><\/p><ul data-start=\"1645\" data-end=\"1720\"><li data-start=\"1645\" data-end=\"1672\"><p data-start=\"1647\" data-end=\"1672\">Techniciens maintenance<\/p><\/li><li data-start=\"1673\" data-end=\"1701\"><p data-start=\"1675\" data-end=\"1701\">Op\u00e9rateurs de production<\/p><\/li><li data-start=\"1702\" data-end=\"1720\"><p data-start=\"1704\" data-end=\"1720\">Agents qualit\u00e9<\/p><\/li><\/ul>\t\t\t\t\t\t\t\t<\/div>\n\t\t\t\t<\/div>\n\t\t\t\t<\/div>\n\t\t<div class=\"elementor-element elementor-element-63289336 e-con-full e-flex e-con e-child\" data-id=\"63289336\" data-element_type=\"container\" data-settings=\"{&quot;background_background&quot;:&quot;classic&quot;}\">\n\t\t\t\t<\/div>\n\t\t\t\t<\/div>\n\t\t\t\t\t<\/div>\n\t\t\t\t<\/div>\n\t\t<div class=\"elementor-element elementor-element-0f8bf23 e-flex e-con-boxed e-con e-parent\" data-id=\"0f8bf23\" data-element_type=\"container\" data-settings=\"{&quot;background_background&quot;:&quot;classic&quot;}\">\n\t\t\t\t\t<div class=\"e-con-inner\">\n\t\t<div class=\"elementor-element elementor-element-f74b878 e-con-full e-flex e-con e-child\" data-id=\"f74b878\" data-element_type=\"container\">\n\t\t<div class=\"elementor-element elementor-element-a93ec8a e-con-full e-flex e-con e-child\" data-id=\"a93ec8a\" data-element_type=\"container\" data-settings=\"{&quot;background_background&quot;:&quot;classic&quot;}\">\n\t\t\t\t<\/div>\n\t\t<div class=\"elementor-element elementor-element-82e7a1b e-con-full e-flex e-con e-child\" data-id=\"82e7a1b\" data-element_type=\"container\" data-settings=\"{&quot;background_background&quot;:&quot;classic&quot;}\">\n\t\t\t\t<div class=\"elementor-element elementor-element-b63323a elementor-widget__width-initial elementor-widget elementor-widget-heading\" data-id=\"b63323a\" data-element_type=\"widget\" data-widget_type=\"heading.default\">\n\t\t\t\t<div class=\"elementor-widget-container\">\n\t\t\t\t\t<h2 class=\"elementor-heading-title elementor-size-default\">Mines, \u00c9nergie &amp; Oil &amp; Gas<\/h2>\t\t\t\t<\/div>\n\t\t\t\t<\/div>\n\t\t\t\t<div class=\"elementor-element elementor-element-0ac184b elementor-widget elementor-widget-text-editor\" data-id=\"0ac184b\" data-element_type=\"widget\" data-widget_type=\"text-editor.default\">\n\t\t\t\t<div class=\"elementor-widget-container\">\n\t\t\t\t\t\t\t\t\t<p data-start=\"1628\" data-end=\"1781\">Pr\u00e9sents dans les environnements les plus exigeants, nous d\u00e9ployons des <strong data-start=\"2038\" data-end=\"2093\">techniciens sp\u00e9cialis\u00e9s, \u00e9lectriciens et agents HSE<\/strong> pour vos op\u00e9rations mini\u00e8res, \u00e9nerg\u00e9tiques ou p\u00e9troli\u00e8res.<br data-start=\"2152\" data-end=\"2155\" \/>Nos \u00e9quipes sont form\u00e9es aux <strong data-start=\"2186\" data-end=\"2226\">standards internationaux de s\u00e9curit\u00e9<\/strong> et interviennent sur des sites \u00e0 haut niveau de conformit\u00e9.<\/p>\t\t\t\t\t\t\t\t<\/div>\n\t\t\t\t<\/div>\n\t\t\t\t<div class=\"elementor-element elementor-element-59675f5 elementor-widget elementor-widget-text-editor\" data-id=\"59675f5\" data-element_type=\"widget\" data-widget_type=\"text-editor.default\">\n\t\t\t\t<div class=\"elementor-widget-container\">\n\t\t\t\t\t\t\t\t\t<p data-start=\"2290\" data-end=\"2317\"><strong data-start=\"2290\" data-end=\"2315\">Exemples de profils :<\/strong><\/p><ul data-start=\"2318\" data-end=\"2399\"><li data-start=\"2318\" data-end=\"2349\"><p data-start=\"2320\" data-end=\"2349\">Techniciens instrumentation<\/p><\/li><li data-start=\"2350\" data-end=\"2378\"><p data-start=\"2352\" data-end=\"2378\">\u00c9lectriciens industriels<\/p><\/li><li data-start=\"2379\" data-end=\"2399\"><p data-start=\"2381\" data-end=\"2399\">Superviseurs HSE<\/p><\/li><\/ul>\t\t\t\t\t\t\t\t<\/div>\n\t\t\t\t<\/div>\n\t\t\t\t<\/div>\n\t\t\t\t<\/div>\n\t\t\t\t\t<\/div>\n\t\t\t\t<\/div>\n\t\t<div class=\"elementor-element elementor-element-4a2c881 e-flex e-con-boxed e-con e-parent\" data-id=\"4a2c881\" data-element_type=\"container\" data-settings=\"{&quot;background_background&quot;:&quot;classic&quot;}\">\n\t\t\t\t\t<div class=\"e-con-inner\">\n\t\t<div class=\"elementor-element elementor-element-90d2f03 e-con-full e-flex e-con e-child\" data-id=\"90d2f03\" data-element_type=\"container\">\n\t\t<div class=\"elementor-element elementor-element-c0816a3 e-con-full e-flex e-con e-child\" data-id=\"c0816a3\" data-element_type=\"container\" data-settings=\"{&quot;background_background&quot;:&quot;classic&quot;}\">\n\t\t\t\t<div class=\"elementor-element elementor-element-289be81 elementor-widget__width-initial elementor-widget elementor-widget-heading\" data-id=\"289be81\" data-element_type=\"widget\" data-widget_type=\"heading.default\">\n\t\t\t\t<div class=\"elementor-widget-container\">\n\t\t\t\t\t<h2 class=\"elementor-heading-title elementor-size-default\">BTP &amp; G\u00e9nie civil<\/h2>\t\t\t\t<\/div>\n\t\t\t\t<\/div>\n\t\t\t\t<div class=\"elementor-element elementor-element-968ca4b elementor-widget elementor-widget-text-editor\" data-id=\"968ca4b\" data-element_type=\"widget\" data-widget_type=\"text-editor.default\">\n\t\t\t\t<div class=\"elementor-widget-container\">\n\t\t\t\t\t\t\t\t\t<p data-start=\"2154\" data-end=\"2247\">Nous accompagnons les projets de construction et d\u2019infrastructures \u00e0 travers la mise \u00e0 disposition de <strong data-start=\"2773\" data-end=\"2836\">man\u0153uvres qualifi\u00e9s, chefs d\u2019\u00e9quipe et conducteurs d\u2019engins<\/strong>.<br data-start=\"2837\" data-end=\"2840\" \/>Nos \u00e9quipes assurent la productivit\u00e9 et la s\u00e9curit\u00e9 sur vos chantiers, dans le respect des d\u00e9lais et des normes en vigueur.<\/p>\t\t\t\t\t\t\t\t<\/div>\n\t\t\t\t<\/div>\n\t\t\t\t<div class=\"elementor-element elementor-element-e2da71c elementor-widget elementor-widget-text-editor\" data-id=\"e2da71c\" data-element_type=\"widget\" data-widget_type=\"text-editor.default\">\n\t\t\t\t<div class=\"elementor-widget-container\">\n\t\t\t\t\t\t\t\t\t<p data-start=\"2969\" data-end=\"2996\"><strong data-start=\"2969\" data-end=\"2994\">Exemples de profils :<\/strong><\/p><ul data-start=\"2997\" data-end=\"3065\"><li data-start=\"2997\" data-end=\"3014\"><p data-start=\"2999\" data-end=\"3014\">Chef d\u2019\u00e9quipe<\/p><\/li><li data-start=\"3015\" data-end=\"3038\"><p data-start=\"3017\" data-end=\"3038\">Conducteur d\u2019engins<\/p><\/li><li data-start=\"3039\" data-end=\"3065\"><p data-start=\"3041\" data-end=\"3065\">Tireurs \/ Aide-tireurs<\/p><\/li><\/ul>\t\t\t\t\t\t\t\t<\/div>\n\t\t\t\t<\/div>\n\t\t\t\t<\/div>\n\t\t<div class=\"elementor-element elementor-element-2d209d2 e-con-full e-flex e-con e-child\" data-id=\"2d209d2\" data-element_type=\"container\" data-settings=\"{&quot;background_background&quot;:&quot;classic&quot;}\">\n\t\t\t\t<\/div>\n\t\t\t\t<\/div>\n\t\t\t\t\t<\/div>\n\t\t\t\t<\/div>\n\t\t<div class=\"elementor-element elementor-element-d88bfc0 e-flex e-con-boxed e-con e-parent\" data-id=\"d88bfc0\" data-element_type=\"container\" data-settings=\"{&quot;background_background&quot;:&quot;classic&quot;}\">\n\t\t\t\t\t<div class=\"e-con-inner\">\n\t\t<div class=\"elementor-element elementor-element-d463d90 e-con-full e-flex e-con e-child\" data-id=\"d463d90\" data-element_type=\"container\">\n\t\t<div class=\"elementor-element elementor-element-569b39b e-con-full e-flex e-con e-child\" data-id=\"569b39b\" data-element_type=\"container\" data-settings=\"{&quot;background_background&quot;:&quot;classic&quot;}\">\n\t\t\t\t<\/div>\n\t\t<div class=\"elementor-element elementor-element-7fe3f5f e-con-full e-flex e-con e-child\" data-id=\"7fe3f5f\" data-element_type=\"container\" data-settings=\"{&quot;background_background&quot;:&quot;classic&quot;}\">\n\t\t\t\t<div class=\"elementor-element elementor-element-eb73466 elementor-widget__width-initial elementor-widget elementor-widget-heading\" data-id=\"eb73466\" data-element_type=\"widget\" data-widget_type=\"heading.default\">\n\t\t\t\t<div class=\"elementor-widget-container\">\n\t\t\t\t\t<h2 class=\"elementor-heading-title elementor-size-default\">Logistique &amp; Transport<\/h2>\t\t\t\t<\/div>\n\t\t\t\t<\/div>\n\t\t\t\t<div class=\"elementor-element elementor-element-0d88e1b elementor-widget elementor-widget-text-editor\" data-id=\"0d88e1b\" data-element_type=\"widget\" data-widget_type=\"text-editor.default\">\n\t\t\t\t<div class=\"elementor-widget-container\">\n\t\t\t\t\t\t\t\t\t<p data-start=\"2673\" data-end=\"2742\">Nous intervenons dans la <strong data-start=\"3366\" data-end=\"3419\">cha\u00eene logistique, le transport et la manutention<\/strong> en fournissant des \u00e9quipes op\u00e9rationnelles et fiables.<br data-start=\"3474\" data-end=\"3477\" \/>Chauffeurs, magasiniers et op\u00e9rateurs de quai garantissent la fluidit\u00e9 de vos flux internes et externes.<\/p>\t\t\t\t\t\t\t\t<\/div>\n\t\t\t\t<\/div>\n\t\t\t\t<div class=\"elementor-element elementor-element-13eae75 elementor-widget elementor-widget-text-editor\" data-id=\"13eae75\" data-element_type=\"widget\" data-widget_type=\"text-editor.default\">\n\t\t\t\t<div class=\"elementor-widget-container\">\n\t\t\t\t\t\t\t\t\t<p data-start=\"3587\" data-end=\"3614\"><strong data-start=\"3587\" data-end=\"3612\">Exemples de profils :<\/strong><\/p><ul data-start=\"3615\" data-end=\"3671\"><li data-start=\"3615\" data-end=\"3632\"><p data-start=\"3617\" data-end=\"3632\">Chauffeurs PL<\/p><\/li><li data-start=\"3633\" data-end=\"3648\"><p data-start=\"3635\" data-end=\"3648\">Magasiniers<\/p><\/li><li data-start=\"3649\" data-end=\"3671\"><p data-start=\"3651\" data-end=\"3671\">Op\u00e9rateurs de quai<\/p><\/li><\/ul>\t\t\t\t\t\t\t\t<\/div>\n\t\t\t\t<\/div>\n\t\t\t\t<\/div>\n\t\t\t\t<\/div>\n\t\t\t\t\t<\/div>\n\t\t\t\t<\/div>\n\t\t<div class=\"elementor-element elementor-element-c13c520 e-flex e-con-boxed e-con e-parent\" data-id=\"c13c520\" data-element_type=\"container\" data-settings=\"{&quot;background_background&quot;:&quot;classic&quot;}\">\n\t\t\t\t\t<div class=\"e-con-inner\">\n\t\t<div class=\"elementor-element elementor-element-342ce57 e-con-full e-flex e-con e-child\" data-id=\"342ce57\" data-element_type=\"container\">\n\t\t<div class=\"elementor-element elementor-element-2a24c3b e-con-full e-flex e-con e-child\" data-id=\"2a24c3b\" data-element_type=\"container\" data-settings=\"{&quot;background_background&quot;:&quot;classic&quot;}\">\n\t\t\t\t<div class=\"elementor-element elementor-element-7928059 elementor-widget__width-initial elementor-widget elementor-widget-heading\" data-id=\"7928059\" data-element_type=\"widget\" data-widget_type=\"heading.default\">\n\t\t\t\t<div class=\"elementor-widget-container\">\n\t\t\t\t\t<h2 class=\"elementor-heading-title elementor-size-default\">Tertiaire &amp; Administratif<\/h2>\t\t\t\t<\/div>\n\t\t\t\t<\/div>\n\t\t\t\t<div class=\"elementor-element elementor-element-261da18 elementor-widget elementor-widget-text-editor\" data-id=\"261da18\" data-element_type=\"widget\" data-widget_type=\"text-editor.default\">\n\t\t\t\t<div class=\"elementor-widget-container\">\n\t\t\t\t\t\t\t\t\t<p data-start=\"3176\" data-end=\"3378\">En compl\u00e9ment de nos activit\u00e9s industrielles, nous proposons des profils pour les fonctions <strong data-start=\"4040\" data-end=\"4083\">support, back-office et relation client<\/strong>.<br data-start=\"4084\" data-end=\"4087\" \/>Nos agents d\u2019accueil et assistants contribuent \u00e0 la qualit\u00e9 de vos services et au bon fonctionnement de vos structures.<\/p>\t\t\t\t\t\t\t\t<\/div>\n\t\t\t\t<\/div>\n\t\t\t\t<div class=\"elementor-element elementor-element-0794ac9 elementor-widget elementor-widget-text-editor\" data-id=\"0794ac9\" data-element_type=\"widget\" data-widget_type=\"text-editor.default\">\n\t\t\t\t<div class=\"elementor-widget-container\">\n\t\t\t\t\t\t\t\t\t<p data-start=\"4212\" data-end=\"4239\"><strong data-start=\"4212\" data-end=\"4237\">Exemples de profils :<\/strong><\/p><ul data-start=\"4240\" data-end=\"4316\"><li data-start=\"4240\" data-end=\"4260\"><p data-start=\"4242\" data-end=\"4260\">Agents d\u2019accueil<\/p><\/li><li data-start=\"4261\" data-end=\"4290\"><p data-start=\"4263\" data-end=\"4290\">Assistants administratifs<\/p><\/li><li data-start=\"4291\" data-end=\"4316\"><p data-start=\"4293\" data-end=\"4316\">Agents support client<\/p><\/li><\/ul>\t\t\t\t\t\t\t\t<\/div>\n\t\t\t\t<\/div>\n\t\t\t\t<\/div>\n\t\t<div class=\"elementor-element elementor-element-26cc16f e-con-full e-flex e-con e-child\" data-id=\"26cc16f\" data-element_type=\"container\" data-settings=\"{&quot;background_background&quot;:&quot;classic&quot;}\">\n\t\t\t\t<\/div>\n\t\t\t\t<\/div>\n\t\t\t\t\t<\/div>\n\t\t\t\t<\/div>\n\t\t<div class=\"elementor-element elementor-element-ac25959 e-flex e-con-boxed e-con e-parent\" data-id=\"ac25959\" data-element_type=\"container\" data-settings=\"{&quot;background_background&quot;:&quot;classic&quot;}\">\n\t\t\t\t\t<div class=\"e-con-inner\">\n\t\t<div class=\"elementor-element elementor-element-168512b e-con-full e-flex e-con e-child\" data-id=\"168512b\" data-element_type=\"container\">\n\t\t<div class=\"elementor-element elementor-element-f00b549 e-con-full e-flex e-con e-child\" data-id=\"f00b549\" data-element_type=\"container\" data-settings=\"{&quot;background_background&quot;:&quot;classic&quot;}\">\n\t\t\t\t<\/div>\n\t\t<div class=\"elementor-element elementor-element-3a03afb e-con-full e-flex e-con e-child\" data-id=\"3a03afb\" data-element_type=\"container\" data-settings=\"{&quot;background_background&quot;:&quot;classic&quot;}\">\n\t\t\t\t<div class=\"elementor-element elementor-element-910262b elementor-widget__width-initial elementor-widget elementor-widget-heading\" data-id=\"910262b\" data-element_type=\"widget\" data-widget_type=\"heading.default\">\n\t\t\t\t<div class=\"elementor-widget-container\">\n\t\t\t\t\t<h2 class=\"elementor-heading-title elementor-size-default\">IT &amp; T\u00e9l\u00e9coms<\/h2>\t\t\t\t<\/div>\n\t\t\t\t<\/div>\n\t\t\t\t<div class=\"elementor-element elementor-element-1f6dfe6 elementor-widget elementor-widget-text-editor\" data-id=\"1f6dfe6\" data-element_type=\"widget\" data-widget_type=\"text-editor.default\">\n\t\t\t\t<div class=\"elementor-widget-container\">\n\t\t\t\t\t\t\t\t\t<p data-start=\"2673\" data-end=\"2742\">Nous accompagnons la transformation num\u00e9rique des entreprises avec des <strong data-start=\"4612\" data-end=\"4676\">techniciens support, op\u00e9rateurs data et sp\u00e9cialistes r\u00e9seaux<\/strong>.<br data-start=\"4677\" data-end=\"4680\" \/>Nos \u00e9quipes garantissent la continuit\u00e9 et la s\u00e9curit\u00e9 de vos infrastructures informatiques et t\u00e9l\u00e9coms.<\/p>\t\t\t\t\t\t\t\t<\/div>\n\t\t\t\t<\/div>\n\t\t\t\t<div class=\"elementor-element elementor-element-45c2b85 elementor-widget elementor-widget-text-editor\" data-id=\"45c2b85\" data-element_type=\"widget\" data-widget_type=\"text-editor.default\">\n\t\t\t\t<div class=\"elementor-widget-container\">\n\t\t\t\t\t\t\t\t\t<p data-start=\"4789\" data-end=\"4816\"><strong data-start=\"4789\" data-end=\"4814\">Exemples de profils :<\/strong><\/p><ul data-start=\"4817\" data-end=\"4885\"><li data-start=\"4817\" data-end=\"4840\"><p data-start=\"4819\" data-end=\"4840\">Techniciens r\u00e9seaux<\/p><\/li><li data-start=\"4841\" data-end=\"4865\"><p data-start=\"4843\" data-end=\"4865\">Support informatique<\/p><\/li><li data-start=\"4866\" data-end=\"4885\"><p data-start=\"4868\" data-end=\"4885\">Op\u00e9rateurs data<\/p><\/li><\/ul>\t\t\t\t\t\t\t\t<\/div>\n\t\t\t\t<\/div>\n\t\t\t\t<\/div>\n\t\t\t\t<\/div>\n\t\t\t\t\t<\/div>\n\t\t\t\t<\/div>\n\t\t<div class=\"elementor-element elementor-element-3a5d238 e-flex e-con-boxed e-con e-parent\" data-id=\"3a5d238\" data-element_type=\"container\" data-settings=\"{&quot;background_background&quot;:&quot;classic&quot;}\">\n\t\t\t\t\t<div class=\"e-con-inner\">\n\t\t<div class=\"elementor-element elementor-element-1c7db34 e-con-full e-flex e-con e-child\" data-id=\"1c7db34\" data-element_type=\"container\" data-settings=\"{&quot;background_background&quot;:&quot;classic&quot;}\">\n\t\t\t\t<div class=\"elementor-element elementor-element-7273a2a elementor-widget-tablet__width-inherit elementor-invisible elementor-widget elementor-widget-heading\" data-id=\"7273a2a\" data-element_type=\"widget\" data-settings=\"{&quot;_animation&quot;:&quot;fadeIn&quot;}\" data-widget_type=\"heading.default\">\n\t\t\t\t<div class=\"elementor-widget-container\">\n\t\t\t\t\t<h2 class=\"elementor-heading-title elementor-size-default\">Vous \u00eates une entreprise ?\n<\/h2>\t\t\t\t<\/div>\n\t\t\t\t<\/div>\n\t\t\t\t<div class=\"elementor-element elementor-element-c1ee8b5 elementor-widget elementor-widget-text-editor\" data-id=\"c1ee8b5\" data-element_type=\"widget\" data-widget_type=\"text-editor.default\">\n\t\t\t\t<div class=\"elementor-widget-container\">\n\t\t\t\t\t\t\t\t\t<p><strong data-start=\"100\" data-end=\"120\">Manu-Services SA<\/strong> s\u00e9lectionne et met \u00e0 disposition des profils qualifi\u00e9s selon vos exigences.<br data-start=\"196\" data-end=\"199\">Notre \u00e9quipe RH, appuy\u00e9e sur un vivier local et un fort engagement HSE, vous r\u00e9pond sous 24h.<\/p>\t\t\t\t\t\t\t\t<\/div>\n\t\t\t\t<\/div>\n\t\t\t\t<div class=\"elementor-element elementor-element-59ec6fd elementor-align-center elementor-widget elementor-widget-button\" data-id=\"59ec6fd\" data-element_type=\"widget\" data-widget_type=\"button.default\">\n\t\t\t\t<div class=\"elementor-widget-container\">\n\t\t\t\t\t\t\t\t\t<div class=\"elementor-button-wrapper\">\n\t\t\t\t\t<a class=\"elementor-button elementor-button-link elementor-size-sm\" href=\"#elementor-action%3Aaction%3Dpopup%3Aopen%26settings%3DeyJpZCI6IjM3MCIsInRvZ2dsZSI6ZmFsc2V9\">\n\t\t\t\t\t\t<span class=\"elementor-button-content-wrapper\">\n\t\t\t\t\t\t\t\t\t<span class=\"elementor-button-text\">Cliquez ici<\/span>\n\t\t\t\t\t<\/span>\n\t\t\t\t\t<\/a>\n\t\t\t\t<\/div>\n\t\t\t\t\t\t\t\t<\/div>\n\t\t\t\t<\/div>\n\t\t\t\t<\/div>\n\t\t<div class=\"elementor-element elementor-element-9750b01 e-con-full e-flex e-con e-child\" data-id=\"9750b01\" data-element_type=\"container\" data-settings=\"{&quot;background_background&quot;:&quot;classic&quot;}\">\n\t\t\t\t<div class=\"elementor-element elementor-element-0189c59 elementor-widget-tablet__width-inherit elementor-invisible elementor-widget elementor-widget-heading\" data-id=\"0189c59\" data-element_type=\"widget\" data-settings=\"{&quot;_animation&quot;:&quot;fadeIn&quot;}\" data-widget_type=\"heading.default\">\n\t\t\t\t<div class=\"elementor-widget-container\">\n\t\t\t\t\t<h2 class=\"elementor-heading-title elementor-size-default\">Vous \u00eates un candidat ?\n<\/h2>\t\t\t\t<\/div>\n\t\t\t\t<\/div>\n\t\t\t\t<div class=\"elementor-element elementor-element-e9d998f elementor-widget elementor-widget-text-editor\" data-id=\"e9d998f\" data-element_type=\"widget\" data-widget_type=\"text-editor.default\">\n\t\t\t\t<div class=\"elementor-widget-container\">\n\t\t\t\t\t\t\t\t\t<p>Rejoignez le <strong data-start=\"13\" data-end=\"42\">Talent Pool Manu-Services<\/strong> et acc\u00e9dez en priorit\u00e9 aux missions correspondant \u00e0 vos comp\u00e9tences.<br data-start=\"111\" data-end=\"114\" \/>Nous valorisons nos collaborateurs par la <strong data-start=\"156\" data-end=\"169\">formation<\/strong>, la <strong data-start=\"174\" data-end=\"186\">s\u00e9curit\u00e9<\/strong> et la <strong data-start=\"193\" data-end=\"222\">stabilit\u00e9 professionnelle<\/strong>.<\/p>\t\t\t\t\t\t\t\t<\/div>\n\t\t\t\t<\/div>\n\t\t\t\t<div class=\"elementor-element elementor-element-01529dd elementor-align-center elementor-widget elementor-widget-button\" data-id=\"01529dd\" data-element_type=\"widget\" data-widget_type=\"button.default\">\n\t\t\t\t<div class=\"elementor-widget-container\">\n\t\t\t\t\t\t\t\t\t<div class=\"elementor-button-wrapper\">\n\t\t\t\t\t<a class=\"elementor-button elementor-button-link elementor-size-sm\" href=\"#elementor-action%3Aaction%3Dpopup%3Aopen%26settings%3DeyJpZCI6IjM4NSIsInRvZ2dsZSI6ZmFsc2V9\">\n\t\t\t\t\t\t<span class=\"elementor-button-content-wrapper\">\n\t\t\t\t\t\t\t\t\t<span class=\"elementor-button-text\">Cliquez ici<\/span>\n\t\t\t\t\t<\/span>\n\t\t\t\t\t<\/a>\n\t\t\t\t<\/div>\n\t\t\t\t\t\t\t\t<\/div>\n\t\t\t\t<\/div>\n\t\t\t\t<\/div>\n\t\t\t\t\t<\/div>\n\t\t\t\t<\/div>\n\t\t\t\t<\/div>\n\t\t","protected":false},"excerpt":{"rendered":"<p>Nos domaines d\u2019intervention Une expertise terrain au service des industries d\u2019Afrique de l\u2019Ouest. Gr\u00e2ce \u00e0 son double ADN RH et industriel, Manu-Services SA intervient dans les principaux secteurs de production, d\u2019\u00e9nergie et de services au S\u00e9n\u00e9gal et en Afrique de l\u2019Ouest.Nos \u00e9quipes qualifi\u00e9es accompagnent vos op\u00e9rations avec rigueur, s\u00e9curit\u00e9 et performance, quel que soit votre [&hellip;]<\/p>\n","protected":false},"author":1,"featured_media":0,"parent":0,"menu_order":0,"comment_status":"closed","ping_status":"closed","template":"","meta":{"footnotes":""},"class_list":["post-100","page","type-page","status-publish","hentry"],"_links":{"self":[{"href":"https:\/\/new.manuservices.net\/index.php?rest_route=\/wp\/v2\/pages\/100","targetHints":{"allow":["GET"]}}],"collection":[{"href":"https:\/\/new.manuservices.net\/index.php?rest_route=\/wp\/v2\/pages"}],"about":[{"href":"https:\/\/new.manuservices.net\/index.php?rest_route=\/wp\/v2\/types\/page"}],"author":[{"embeddable":true,"href":"https:\/\/new.manuservices.net\/index.php?rest_route=\/wp\/v2\/users\/1"}],"replies":[{"embeddable":true,"href":"https:\/\/new.manuservices.net\/index.php?rest_route=%2Fwp%2Fv2%2Fcomments&post=100"}],"version-history":[{"count":34,"href":"https:\/\/new.manuservices.net\/index.php?rest_route=\/wp\/v2\/pages\/100\/revisions"}],"predecessor-version":[{"id":489,"href":"https:\/\/new.manuservices.net\/index.php?rest_route=\/wp\/v2\/pages\/100\/revisions\/489"}],"wp:attachment":[{"href":"https:\/\/new.manuservices.net\/index.php?rest_route=%2Fwp%2Fv2%2Fmedia&parent=100"}],"curies":[{"name":"wp","href":"https:\/\/api.w.org\/{rel}","templated":true}]}}